{"id":1792,"date":"2024-06-27T08:42:26","date_gmt":"2024-06-27T08:42:26","guid":{"rendered":"https:\/\/audiblegenius.com\/?page_id=1792"},"modified":"2025-12-04T14:27:58","modified_gmt":"2025-12-04T14:27:58","slug":"syntorial-checkout-2-step","status":"publish","type":"page","link":"https:\/\/audiblegenius.com\/es\/syntorial-checkout-2-step","title":{"rendered":"Syntorial Checkout 2 Step"},"content":{"rendered":"<div class=\"gb-container gb-container-86ce001e modal\">\n<div class=\"gb-container gb-container-e49d3bf2\">\n<div class=\"gb-container gb-container-61948eda\">\n<div class=\"gb-container gb-container-7a7b0306\">\n\n<figure class=\"gb-block-image gb-block-image-67b8a58b\"><img loading=\"lazy\" decoding=\"async\" width=\"550\" height=\"130\" class=\"gb-image gb-image-67b8a58b\" src=\"https:\/\/audiblegenius.com\/wp-content\/uploads\/2024\/05\/Audible-Genius-Logo-Landscape-No-Background-No-Glow.png\" srcset=\"https:\/\/audiblegenius.com\/wp-content\/uploads\/2024\/05\/Audible-Genius-Logo-Landscape-No-Background-No-Glow.png 550w, https:\/\/audiblegenius.com\/wp-content\/uploads\/2024\/05\/Audible-Genius-Logo-Landscape-No-Background-No-Glow-300x71.png 300w\" sizes=\"auto, (max-width: 550px) 100vw, 550px\" alt=\"\"><\/figure>\n\n\n\n<h3 class=\"gb-headline gb-headline-326ca2bf\"><span class=\"gb-icon\"><svg width=\"30\" height=\"38\" viewbox=\"0 0 30 38\" xmlns=\"http:\/\/www.w3.org\/2000\/svg\"> <path d=\"M29.2481 22.0673C29.2465 20.1419 27.6862 18.5816 25.7608 18.5833H24.7304L20.9888 18.5849L8.1712 18.5914L4.42962 18.593H4.06606C2.14063 18.5947 0.580405 20.1549 0.582033 22.0803L0.588554 34.2965C0.590184 36.222 2.15041 37.7822 4.07583 37.7806L25.7691 37.7692C27.6946 37.7675 29.2548 36.2073 29.2532 34.2819L29.2481 22.0673ZM15.7084 30.3119L15.71 34.6454L14.1302 34.647L14.1286 30.3135C13.2613 29.9923 12.6385 29.1641 12.6385 28.1843C12.6369 26.9257 13.6574 25.9035 14.9177 25.9035C16.1763 25.9018 17.1985 26.9224 17.1985 28.1827C17.1985 29.1609 16.5757 29.989 15.7084 30.3119L15.7084 30.3119Z\"><\/path> <path d=\"M8.16663 10.3729C8.165 6.83829 11.0393 3.96257 14.5723 3.9609C18.1069 3.95927 20.9826 6.83353 20.9843 10.3666L20.9859 16.0173C20.9859 16.7624 21.5908 17.3672 22.3358 17.3672H23.3776C24.1227 17.3672 24.7275 16.7624 24.7275 16.0173L24.7259 10.3649C24.7226 4.76808 20.1675 0.216318 14.5706 0.21924C8.97377 0.2225 4.42367 4.77768 4.42493 10.3745L4.42656 16.0173C4.42656 16.7624 5.0314 17.3672 5.77648 17.3672H6.81826C7.56333 17.3672 8.16818 16.7624 8.16818 16.0173L8.16663 10.3729Z\"><\/path> <\/svg><\/span><span class=\"gb-headline-text\">Pago seguro<\/span><\/h3>\n\n<\/div>\n\n\n<h2 class=\"gb-headline gb-headline-2940c2c6 gb-headline-text form-step-1\">Paso 1: Elige tu pack<\/h2>\n\n<\/div>\n<\/div>\n\n<div class=\"gb-container gb-container-1c3f2f3f form-step-1\">\n<div class=\"gb-container gb-container-709c622c\">\n<div class=\"gb-container gb-container-f815584c\">\n\n<figure class=\"gb-block-image gb-block-image-0e662c92\"><img loading=\"lazy\" decoding=\"async\" width=\"296\" height=\"300\" class=\"gb-image gb-image-0e662c92\" src=\"https:\/\/audiblegenius.com\/wp-content\/uploads\/2024\/06\/Syntorial-logo-square-296x300.png\" srcset=\"https:\/\/audiblegenius.com\/wp-content\/uploads\/2024\/06\/Syntorial-logo-square-296x300.png 296w, https:\/\/audiblegenius.com\/wp-content\/uploads\/2024\/06\/Syntorial-logo-square-1011x1024.png 1011w, https:\/\/audiblegenius.com\/wp-content\/uploads\/2024\/06\/Syntorial-logo-square-768x778.png 768w, https:\/\/audiblegenius.com\/wp-content\/uploads\/2024\/06\/Syntorial-logo-square.png 1261w\" sizes=\"auto, (max-width: 296px) 100vw, 296px\" alt=\"\"><\/figure>\n\n\n\n<h3 class=\"gb-headline gb-headline-3eb07b52 gb-headline-text\">Syntorial<\/h3>\n\n\n\n<p class=\"gb-headline gb-headline-d92cc295 gb-headline-text\">Aprende a recrear cualquier sonido con nuestro curso de s\u00edntesis galardonado. Domina la s\u00edntesis completamente de o\u00eddo y apl\u00edcala a los sintetizadores m\u00e1s populares: Xfer Serum, Diva, Vital, Pigments, etc.<\/p>\n\n<\/div>\n\n<div class=\"gb-container gb-container-199f96c0\">\n<div class=\"gb-container gb-container-090e5a2e\">\n\n<p class=\"gb-headline gb-headline-7ac0f745 gb-headline-text is-hidden before-price\"><s><span data-fsc-item-path=\"syntorial-2\" id=\"syntorial-bb-full-price\" data-fsc-item-price=\"\">$129.99<\/span><\/s><\/p>\n\n\n\n<p class=\"gb-headline gb-headline-f07a4e14 gb-headline-text\"><span data-fsc-item-path=\"syntorial-2\" id=\"syntorial-price\" data-fsc-item-total=\"\">Calculating&#8230;<\/span><\/p>\n\n<\/div>\n\n\n<button id=\"choose-option-syntorial\" class=\"gb-button gb-button-text button-cta-content buy-now\" data-fsc-item-path-value=\"syntorial-2\" onclick=\"handleBuyNowClick(event);\">Comprar Syntorial<\/button>\n\n<\/div>\n<\/div>\n\n<div class=\"gb-container gb-container-6d16abc2\">\n<div class=\"gb-container gb-container-2fda093c\">\n\n<figure class=\"gb-block-image gb-block-image-a0cce4a4\"><img loading=\"lazy\" decoding=\"async\" width=\"300\" height=\"186\" class=\"gb-image gb-image-a0cce4a4 is-style-default\" src=\"https:\/\/audiblegenius.com\/wp-content\/uploads\/2024\/06\/Syntorial-Building-Blocks-Bundle-300x186.png\" srcset=\"https:\/\/audiblegenius.com\/wp-content\/uploads\/2024\/06\/Syntorial-Building-Blocks-Bundle-300x186.png 300w, https:\/\/audiblegenius.com\/wp-content\/uploads\/2024\/06\/Syntorial-Building-Blocks-Bundle-1024x634.png 1024w, https:\/\/audiblegenius.com\/wp-content\/uploads\/2024\/06\/Syntorial-Building-Blocks-Bundle-768x476.png 768w, https:\/\/audiblegenius.com\/wp-content\/uploads\/2024\/06\/Syntorial-Building-Blocks-Bundle-1536x952.png 1536w, https:\/\/audiblegenius.com\/wp-content\/uploads\/2024\/06\/Syntorial-Building-Blocks-Bundle.png 2000w\" sizes=\"auto, (max-width: 300px) 100vw, 300px\" alt=\"\">\n<figcaption class=\"gb-headline gb-headline-7c2adc21 gb-headline-text figcaption-banner\">M\u00e1s vendido<\/figcaption>\n<\/figure>\n\n\n\n<h3 class=\"gb-headline gb-headline-3f419a4c gb-headline-text\">Syntorial + Building Blocks 1 &amp; 2<\/h3>\n\n\n\n<p class=\"gb-headline gb-headline-474365d4 gb-headline-text\">Desbloquea todo tu potencial en producci\u00f3n musical con nuestros dos cursos estrella galardonados. Aprende dise\u00f1o de sonido (Syntorial) y composici\u00f3n (<a href=\"\/buildingblocks\">Building Blocks<\/a>).<\/p>\n\n<\/div>\n\n<div class=\"gb-container gb-container-e7cd21d5\">\n<div class=\"gb-container gb-container-4aeac792\">\n\n<p class=\"gb-headline gb-headline-82813ecd gb-headline-text\"><s><span data-fsc-item-path=\"syntorial-bb-bundle\" id=\"syntorial-bb-full-price\" data-fsc-item-price=\"\">$239.99<\/span><\/s><\/p>\n\n\n\n<p class=\"gb-headline gb-headline-64aee344 gb-headline-text\"><span data-fsc-item-path=\"syntorial-bb-bundle\" id=\"syntorial-bb-discounted-price\" data-fsc-item-total=\"\"><span data-fsc-item-path=\"syntorial-2\" id=\"syntorial-price\" data-fsc-item-total=\"\">Calculating&#8230;<\/span><\/span><\/p>\n\n<\/div>\n\n\n<button id=\"choose-option-syntorial-bb-bundle\" class=\"gb-button gb-button-text button-cta-content buy-now\" data-fsc-item-path-value=\"syntorial-bb-bundle\" data-fsc-action=\"Reset, Add\" onclick=\"handleBuyNowClick(event);\">Comprar todo<\/button>\n\n<\/div>\n<\/div>\n<\/div>\n\n<div class=\"gb-container gb-container-75e87541 form-step-2 alignfull\" id=\"form-step-2\">\n\n<h2 class=\"gb-headline gb-headline-2d309b7d gb-headline-text\">Paso 2: Introduce tus datos<\/h2>\n\n\n<div class=\"gb-container gb-container-38975a47 alignfull\">\n\n<form action=\"\">\n\n\n<div class=\"gb-container gb-container-69e02733\">\n\n<!-- Text input-->  <label for=\"fname\" id=\"fnameLabel\">Nombre<\/label>\n<input id=\"fname\" name=\"fname\" type=\"text\" placeholder=\"Juan\"  style=\"color: white;\">\n\n<\/div>\n\n<div class=\"gb-container gb-container-3c7905a7\">\n\n<!-- Text input-->\n  <label for=\"lname\" id=\"lnameLabel\">Apellidos<\/label>  \n\n  <input id=\"lname\" name=\"lname\" type=\"text\" placeholder=\"Doe\" style=\"color: white;\">\n\n<\/div>\n\n<div class=\"gb-container gb-container-b67d98e3\">\n\n<!-- Email input-->\n  <label for=\"email\" id=\"emailLabel\">Email<\/label>  \n\n  <input id=\"email\" name=\"email\" type=\"email\" placeholder=\"john.doe@example.com\" required=\"\" style=\"color: white;\">\n\n<\/div>\n\n\n<input type=\"hidden\" name=\"trp-form-language\" value=\"es\"\/><\/form>\n\n\n<div class=\"gb-container gb-container-f8b2081f\">\n\n<button id=\"choose-payment\" class=\"gb-button gb-button-text button-cta-content\" onclick=\"validateForm();\">Elige el m\u00e9todo de pago<\/button>\n\n<\/div>\n\n\n<p><a href=\"\/es\/syntorial-checkout-2-step\">&lt; Volver a la selecci\u00f3n de packs<\/a><\/p>\n\n<\/div>\n<\/div>\n<\/div>\n\n<div class=\"gb-container gb-container-f5c421bd gbp-section\">\n<div class=\"gb-container gb-container-3dc0470c gbp-section__inner\">\n<div class=\"gb-container gb-container-36e4600a\">\n<div class=\"gb-container gb-container-4b28d5fa\">\n\n<figure class=\"gb-block-image gb-block-image-0fb1d161\"><img loading=\"lazy\" decoding=\"async\" width=\"300\" height=\"300\" class=\"gb-image gb-image-0fb1d161\" src=\"https:\/\/audiblegenius.com\/wp-content\/uploads\/2024\/06\/money-back-guarantee-gold-sign-300x300.png\" alt=\"\" title=\"money-back-guarantee-gold-sign\" srcset=\"https:\/\/audiblegenius.com\/wp-content\/uploads\/2024\/06\/money-back-guarantee-gold-sign-300x300.png 300w, https:\/\/audiblegenius.com\/wp-content\/uploads\/2024\/06\/money-back-guarantee-gold-sign-150x150.png 150w, https:\/\/audiblegenius.com\/wp-content\/uploads\/2024\/06\/money-back-guarantee-gold-sign.png 600w\" sizes=\"auto, (max-width: 300px) 100vw, 300px\"><\/figure>\n\n<\/div>\n\n<div class=\"gb-container gb-container-a36b5971\">\n\n<h3 class=\"gb-headline gb-headline-3c9da62f gb-headline-text gbp-section__headline\"><strong>Garant\u00eda de devoluci\u00f3n de 30 d\u00edas<\/strong><\/h3>\n\n\n\n<p class=\"gb-headline gb-headline-6eed2727 gb-headline-text\">Estamos tan seguros de que te va a encantar Syntorial que puedes probarlo durante 30 d\u00edas completos. Si compras desde nuestra web y no crees que merezca la inversi\u00f3n, solo tienes que contactarnos desde nuestra&nbsp;<a href=\"https:\/\/support.audiblegenius.com\/contact-us\" target=\"_blank\" rel=\"noreferrer noopener\">p\u00e1gina de soporte<\/a>&nbsp;y te devolveremos el 100% del dinero. Sin preguntas. Adem\u00e1s, puedes quedarte con todos los bonus totalmente gratis. <\/p>\n\n<\/div>\n<\/div>\n\n<div class=\"gb-container gb-container-766afab1\">\n<div class=\"gb-container gb-container-e1341a92\">\n\n<figure class=\"gb-block-image gb-block-image-6f4378b8\"><img decoding=\"async\" class=\"gb-image gb-image-6f4378b8\" src=\"https:\/\/audiblegenius.com\/wp-content\/uploads\/2024\/06\/banking-secure-payment.svg\" alt=\"\" title=\"banking-secure-payment\"><\/figure>\n\n<\/div>\n\n<div class=\"gb-container gb-container-439b4bc6\">\n\n<h3 class=\"gb-headline gb-headline-d2892737 gb-headline-text gbp-section__headline translation-block\">Pago totalmente seguro<\/h3>\n\n\n\n<p class=\"gb-headline gb-headline-6dff5e6a gb-headline-text\">Aceptamos pagos de forma segura con las principales tarjetas y PayPal a trav\u00e9s de nuestro procesador de pagos FastSpring. Tu informaci\u00f3n de pago nunca se almacena y se cifra de forma segura con tecnolog\u00eda SSL de 256 bits.<\/p>\n\n\n\n<figure class=\"gb-block-image gb-block-image-1209f178\"><img loading=\"lazy\" decoding=\"async\" width=\"381\" height=\"44\" class=\"gb-image gb-image-1209f178\" src=\"https:\/\/audiblegenius.com\/wp-content\/uploads\/2024\/06\/credit-paypal-2.png1_.webp\" alt=\"\" title=\"credit-paypal-2.png1_\" srcset=\"https:\/\/audiblegenius.com\/wp-content\/uploads\/2024\/06\/credit-paypal-2.png1_.webp 381w, https:\/\/audiblegenius.com\/wp-content\/uploads\/2024\/06\/credit-paypal-2.png1_-300x35.webp 300w\" sizes=\"auto, (max-width: 381px) 100vw, 381px\"><\/figure>\n\n<\/div>\n<\/div>\n<\/div>\n<\/div>\n\n\n<!-- figcaption banner needs styling of the parent <figure> -->\n<style>\nfigure:has(> figcaption.figcaption-banner) {\n  position: relative;\n  margin: 0 auto;\n  width: 95%;\n  overflow: hidden;\n}\nfigcaption.figcaption-banner {\n  position: absolute;\n  width: 100%;\n  top: 5%;\n  right: -30%;\n}\n<\/style>\n<!-- compatibility for older browsers not supporting the :has() pseudoclass -->\n<script>\ndocument.addEventListener('DOMContentLoaded', function() {\n  document.querySelectorAll('figcaption.figcaption-banner').forEach(function(figcaption) {\n    if (figcaption.parentElement.tagName === 'FIGURE') {\n      let figureElement = figcaption.parentElement;\n      figureElement.style.position = 'relative';\n      figureElement.style.margin = '0 auto';\n      figureElement.style.width = '95%';\n      figureElement.style.overflow = 'hidden';\n    }\n  });\n});\n<\/script>\n\n\n\n<span data-fsc-order-currency style=\"display:none\">Obteniendo moneda\u2026<\/span>","protected":false},"excerpt":{"rendered":"<p>Secure Checkout Step1: Select Your Bundle Syntorial Learn how to remake any sound with our award-winning synthesizer course. Master synthesis all by ear and apply it to the most popular synths: Xfer Serum, Diva, Vital, Pigments, etc. $129.99 Calculating&#8230; Buy &#8230; <a title=\"Syntorial Checkout 2 Step\" class=\"read-more\" href=\"https:\/\/audiblegenius.com\/es\/syntorial-checkout-2-step\" aria-label=\"Leer m\u00e1s sobre Syntorial Checkout 2 Step\">Leer m\u00e1s<\/a><\/p>","protected":false},"author":2,"featured_media":0,"parent":0,"menu_order":0,"comment_status":"closed","ping_status":"closed","template":"","meta":{"footnotes":""},"class_list":["post-1792","page","type-page","status-publish"],"_links":{"self":[{"href":"https:\/\/audiblegenius.com\/es\/wp-json\/wp\/v2\/pages\/1792","targetHints":{"allow":["GET"]}}],"collection":[{"href":"https:\/\/audiblegenius.com\/es\/wp-json\/wp\/v2\/pages"}],"about":[{"href":"https:\/\/audiblegenius.com\/es\/wp-json\/wp\/v2\/types\/page"}],"author":[{"embeddable":true,"href":"https:\/\/audiblegenius.com\/es\/wp-json\/wp\/v2\/users\/2"}],"replies":[{"embeddable":true,"href":"https:\/\/audiblegenius.com\/es\/wp-json\/wp\/v2\/comments?post=1792"}],"version-history":[{"count":63,"href":"https:\/\/audiblegenius.com\/es\/wp-json\/wp\/v2\/pages\/1792\/revisions"}],"predecessor-version":[{"id":16308,"href":"https:\/\/audiblegenius.com\/es\/wp-json\/wp\/v2\/pages\/1792\/revisions\/16308"}],"wp:attachment":[{"href":"https:\/\/audiblegenius.com\/es\/wp-json\/wp\/v2\/media?parent=1792"}],"curies":[{"name":"wp","href":"https:\/\/api.w.org\/{rel}","templated":true}]}}