{"id":1827,"date":"2024-06-26T20:17:40","date_gmt":"2024-06-26T20:17:40","guid":{"rendered":"https:\/\/audiblegenius.com\/?page_id=1827"},"modified":"2025-12-04T14:28:54","modified_gmt":"2025-12-04T14:28:54","slug":"checkout-syntorial-upgrade","status":"publish","type":"page","link":"https:\/\/audiblegenius.com\/es\/checkout-syntorial-upgrade","title":{"rendered":"Syntorial Upgrade Checkout 2 Step"},"content":{"rendered":"<div class=\"gb-container gb-container-86ce001e modal\">\n<div class=\"gb-container gb-container-e49d3bf2\">\n<div class=\"gb-container gb-container-61948eda\">\n<div class=\"gb-container gb-container-7a7b0306\">\n\n<figure class=\"gb-block-image gb-block-image-67b8a58b\"><img loading=\"lazy\" decoding=\"async\" width=\"550\" height=\"130\" class=\"gb-image gb-image-67b8a58b\" src=\"https:\/\/audiblegenius.com\/wp-content\/uploads\/2024\/05\/Audible-Genius-Logo-Landscape-No-Background-No-Glow.png\" srcset=\"https:\/\/audiblegenius.com\/wp-content\/uploads\/2024\/05\/Audible-Genius-Logo-Landscape-No-Background-No-Glow.png 550w, https:\/\/audiblegenius.com\/wp-content\/uploads\/2024\/05\/Audible-Genius-Logo-Landscape-No-Background-No-Glow-300x71.png 300w\" sizes=\"auto, (max-width: 550px) 100vw, 550px\" alt=\"\"><\/figure>\n\n\n\n<h3 class=\"gb-headline gb-headline-326ca2bf\"><span class=\"gb-icon\"><svg width=\"30\" height=\"38\" viewbox=\"0 0 30 38\" xmlns=\"http:\/\/www.w3.org\/2000\/svg\"> <path d=\"M29.2481 22.0673C29.2465 20.1419 27.6862 18.5816 25.7608 18.5833H24.7304L20.9888 18.5849L8.1712 18.5914L4.42962 18.593H4.06606C2.14063 18.5947 0.580405 20.1549 0.582033 22.0803L0.588554 34.2965C0.590184 36.222 2.15041 37.7822 4.07583 37.7806L25.7691 37.7692C27.6946 37.7675 29.2548 36.2073 29.2532 34.2819L29.2481 22.0673ZM15.7084 30.3119L15.71 34.6454L14.1302 34.647L14.1286 30.3135C13.2613 29.9923 12.6385 29.1641 12.6385 28.1843C12.6369 26.9257 13.6574 25.9035 14.9177 25.9035C16.1763 25.9018 17.1985 26.9224 17.1985 28.1827C17.1985 29.1609 16.5757 29.989 15.7084 30.3119L15.7084 30.3119Z\"><\/path> <path d=\"M8.16663 10.3729C8.165 6.83829 11.0393 3.96257 14.5723 3.9609C18.1069 3.95927 20.9826 6.83353 20.9843 10.3666L20.9859 16.0173C20.9859 16.7624 21.5908 17.3672 22.3358 17.3672H23.3776C24.1227 17.3672 24.7275 16.7624 24.7275 16.0173L24.7259 10.3649C24.7226 4.76808 20.1675 0.216318 14.5706 0.21924C8.97377 0.2225 4.42367 4.77768 4.42493 10.3745L4.42656 16.0173C4.42656 16.7624 5.0314 17.3672 5.77648 17.3672H6.81826C7.56333 17.3672 8.16818 16.7624 8.16818 16.0173L8.16663 10.3729Z\"><\/path> <\/svg><\/span><span class=\"gb-headline-text\">Pago seguro<\/span><\/h3>\n\n<\/div>\n\n\n<h2 class=\"gb-headline gb-headline-2940c2c6 gb-headline-text form-step-1\">Paso 1: Elige tu pack<\/h2>\n\n<\/div>\n<\/div>\n\n<div class=\"gb-container gb-container-1c3f2f3f form-step-1\">\n<div class=\"gb-container gb-container-dfcd8099\">\n<div class=\"gb-container gb-container-3f255d54\">\n\n<figure class=\"gb-block-image gb-block-image-f1edb073\"><img loading=\"lazy\" decoding=\"async\" width=\"300\" height=\"176\" class=\"gb-image gb-image-f1edb073 is-style-default\" src=\"https:\/\/audiblegenius.com\/wp-content\/uploads\/2024\/07\/Upgrade_BB_Bundle_Icon_Small-300x176.png\" alt=\"\" title=\"Upgrade_BB_Bundle_Icon_Small\" srcset=\"https:\/\/audiblegenius.com\/wp-content\/uploads\/2024\/07\/Upgrade_BB_Bundle_Icon_Small-300x176.png 300w, https:\/\/audiblegenius.com\/wp-content\/uploads\/2024\/07\/Upgrade_BB_Bundle_Icon_Small.png 439w\" sizes=\"auto, (max-width: 300px) 100vw, 300px\">\n<figcaption class=\"gb-headline gb-headline-961016b2 gb-headline-text figcaption-banner\">M\u00e1s vendido<\/figcaption>\n<\/figure>\n\n\n\n<h1 class=\"gb-headline gb-headline-2f80329e gb-headline-text\">Syntorial 2 Upgrade + Building Blocks 1 &amp; 2<\/h1>\n\n\n\n<h5 class=\"gb-headline gb-headline-ae67d815 gb-headline-text translation-block\">Mejora tu experiencia con Syntorial y aprende teor\u00eda musical y composici\u00f3n con <a href=\"https:\/\/audiblegenius.com\/buildingblocks\" target=\"_self\">Building Blocks<\/a>, usando el mismo m\u00e9todo gamificado de entrenamiento auditivo.<\/h5>\n\n<\/div>\n\n<div class=\"gb-container gb-container-14f8897f\">\n<div class=\"gb-container gb-container-9161f9e3\">\n\n<p class=\"gb-headline gb-headline-afae3894 gb-headline-text\"><s><span data-fsc-item-path=\"syntorial-upgrade-bb-bundle\" id=\"syntorial-upgrade-bb-bundle-full-price\" data-fsc-item-price=\"\">$144.99<\/span><\/s><\/p>\n\n\n\n<p class=\"gb-headline gb-headline-52008f02 gb-headline-text\"><span data-fsc-item-path=\"syntorial-upgrade-bb-bundle\" id=\"syntorial-upgrade-bb-bundle-price\" data-fsc-item-total=\"\">Calculating&#8230;<\/span><\/p>\n\n<\/div>\n\n\n<button id=\"choose-option-syntorial-upgrade-bb-bundle\" class=\"gb-button gb-button-text button-cta-content\" data-fsc-item-path-value=\"syntorial-upgrade-bb-bundle\" onclick=\"handleBuyNowClick(event);\">Actualizar ahora<\/button>\n\n<\/div>\n<\/div>\n\n<div class=\"gb-container gb-container-709c622c\">\n<div class=\"gb-container gb-container-f815584c\">\n\n<figure class=\"gb-block-image gb-block-image-0e662c92\"><img loading=\"lazy\" decoding=\"async\" width=\"1374\" height=\"1093\" class=\"gb-image gb-image-0e662c92\" src=\"https:\/\/audiblegenius.com\/wp-content\/uploads\/2024\/06\/Syntorial-upgrade.jpg\" alt=\"\" title=\"Syntorial-upgrade\" srcset=\"https:\/\/audiblegenius.com\/wp-content\/uploads\/2024\/06\/Syntorial-upgrade.jpg 1374w, https:\/\/audiblegenius.com\/wp-content\/uploads\/2024\/06\/Syntorial-upgrade-300x239.jpg 300w, https:\/\/audiblegenius.com\/wp-content\/uploads\/2024\/06\/Syntorial-upgrade-1024x815.jpg 1024w, https:\/\/audiblegenius.com\/wp-content\/uploads\/2024\/06\/Syntorial-upgrade-768x611.jpg 768w\" sizes=\"auto, (max-width: 1374px) 100vw, 1374px\"><\/figure>\n\n\n\n<h1 class=\"gb-headline gb-headline-3eb07b52 gb-headline-text\">Syntorial 2 Upgrade<\/h1>\n\n\n\n<h5 class=\"gb-headline gb-headline-d92cc295 gb-headline-text\">Actualiza desde Syntorial 1 para una experiencia de aprendizaje significativamente mejorada.<\/h5>\n\n\n<div class=\"gb-container gb-container-e18afc34\">\n\n<div class=\"gb-headline gb-headline-ef7b3111\"><span class=\"gb-icon\"><svg xmlns=\"http:\/\/www.w3.org\/2000\/svg\" viewbox=\"0 0 512 512\" width=\"1em\" height=\"1em\" aria-hidden=\"true\"> \t<path d=\"M173.898 439.404l-166.4-166.4c-9.997-9.997-9.997-26.206 0-36.204l36.203-36.204c9.997-9.998 26.207-9.998 36.204 0L192 312.69 432.095 72.596c9.997-9.997 26.207-9.997 36.204 0l36.203 36.204c9.997 9.997 9.997 26.206 0 36.204l-294.4 294.401c-9.998 9.997-26.207 9.997-36.204-.001z\" fill=\"var(--base-3)\"><\/path> <\/svg><\/span><span class=\"gb-headline-text\">Disfruta de la nueva interfaz totalmente redimensionable.<\/span><\/div>\n\n\n\n<div class=\"gb-headline gb-headline-68afe174\"><span class=\"gb-icon\"><svg xmlns=\"http:\/\/www.w3.org\/2000\/svg\" viewbox=\"0 0 512 512\" width=\"1em\" height=\"1em\" aria-hidden=\"true\"> \t<path d=\"M173.898 439.404l-166.4-166.4c-9.997-9.997-9.997-26.206 0-36.204l36.203-36.204c9.997-9.998 26.207-9.998 36.204 0L192 312.69 432.095 72.596c9.997-9.997 26.207-9.997 36.204 0l36.203 36.204c9.997 9.997 9.997 26.206 0 36.204l-294.4 294.401c-9.998 9.997-26.207 9.997-36.204-.001z\" fill=\"var(--base-3)\"><\/path> <\/svg><\/span><span class=\"gb-headline-text\">Aprende modulaci\u00f3n m\u00e1s f\u00e1cilmente con el Visualizador.<\/span><\/div>\n\n\n\n<div class=\"gb-headline gb-headline-4ab8076c\"><span class=\"gb-icon\"><svg xmlns=\"http:\/\/www.w3.org\/2000\/svg\" viewbox=\"0 0 512 512\" width=\"1em\" height=\"1em\" aria-hidden=\"true\"> \t<path d=\"M173.898 439.404l-166.4-166.4c-9.997-9.997-9.997-26.206 0-36.204l36.203-36.204c9.997-9.998 26.207-9.998 36.204 0L192 312.69 432.095 72.596c9.997-9.997 26.207-9.997 36.204 0l36.203 36.204c9.997 9.997 9.997 26.206 0 36.204l-294.4 294.401c-9.998 9.997-26.207 9.997-36.204-.001z\" fill=\"var(--base-3)\"><\/path> <\/svg><\/span><span class=\"gb-headline-text\">Accede a los nuevos v\u00eddeos rehechos, con mejor ritmo.<\/span><\/div>\n\n\n\n<div class=\"gb-headline gb-headline-5252d16b\"><span class=\"gb-icon\"><svg xmlns=\"http:\/\/www.w3.org\/2000\/svg\" viewbox=\"0 0 512 512\" width=\"1em\" height=\"1em\" aria-hidden=\"true\"> \t<path d=\"M173.898 439.404l-166.4-166.4c-9.997-9.997-9.997-26.206 0-36.204l36.203-36.204c9.997-9.998 26.207-9.998 36.204 0L192 312.69 432.095 72.596c9.997-9.997 26.207-9.997 36.204 0l36.203 36.204c9.997 9.997 9.997 26.206 0 36.204l-294.4 294.401c-9.998 9.997-26.207 9.997-36.204-.001z\" fill=\"var(--base-3)\"><\/path> <\/svg><\/span><span class=\"gb-headline-text\">Practica sin l\u00edmites con desaf\u00edos aleatorios.<\/span><\/div>\n\n<\/div>\n<\/div>\n\n<div class=\"gb-container gb-container-199f96c0\">\n<div class=\"gb-container gb-container-090e5a2e\">\n\n<p class=\"gb-headline gb-headline-7ac0f745 gb-headline-text is-hidden before-price\"><s><span data-fsc-item-path=\"syntorial-1-to-2-upgrade\" id=\"syntorial-upgrade-bb-bundle-full-price\" data-fsc-item-price=\"\">$34.99<\/span><\/s><\/p>\n\n\n\n<p class=\"gb-headline gb-headline-f07a4e14 gb-headline-text\"><span data-fsc-item-path=\"syntorial-1-to-2-upgrade\" id=\"syntorial-upgrade-price\" data-fsc-item-total=\"\"><span data-fsc-item-path=\"syntorial-upgrade-bb-bundle\" id=\"syntorial-upgrade-bb-bundle-price\" data-fsc-item-total=\"\">Calculating&#8230;<\/span><\/span><\/p>\n\n<\/div>\n\n\n<button id=\"choose-option-syntorial-upgrade\" class=\"gb-button gb-button-text button-cta-content\" data-fsc-item-path-value=\"syntorial-1-to-2-upgrade\" onclick=\"handleBuyNowClick(event);\">Actualizar ahora<\/button>\n\n<\/div>\n<\/div>\n<\/div>\n\n<div class=\"gb-container gb-container-75e87541 form-step-2 alignfull\" id=\"form-step-2\">\n\n<h2 class=\"gb-headline gb-headline-2d309b7d gb-headline-text\">Paso 2: Introduce tus datos<\/h2>\n\n\n<div class=\"gb-container gb-container-38975a47 alignfull\">\n\n<form action=\"\">\n\n\n<div class=\"gb-container gb-container-69e02733\">\n\n<!-- Text input-->  <label for=\"fname\" id=\"fnameLabel\">Nombre<\/label>\n<input id=\"fname\" name=\"fname\" type=\"text\" placeholder=\"Juan\"  style=\"color: white;\">\n\n<\/div>\n\n<div class=\"gb-container gb-container-3c7905a7\">\n\n<!-- Text input-->\n  <label for=\"lname\" id=\"lnameLabel\">Apellidos<\/label>  \n\n  <input id=\"lname\" name=\"lname\" type=\"text\" placeholder=\"Doe\" style=\"color: white;\">\n\n<\/div>\n\n<div class=\"gb-container gb-container-b67d98e3\">\n\n<!-- Email input-->\n  <label for=\"email\" id=\"emailLabel\">Email<\/label>  \n\n  <input id=\"email\" name=\"email\" type=\"email\" placeholder=\"john.doe@example.com\" required=\"\" style=\"color: white;\">\n\n<\/div>\n\n\n<input type=\"hidden\" name=\"trp-form-language\" value=\"es\"\/><\/form>\n\n\n\n<p class=\"gb-headline gb-headline-971d74b3 gb-headline-text\">(\u26a0\ufe0fAseg\u00farate de usar la direcci\u00f3n de correo asociada a tu cuenta de Syntorial V1.)<\/p>\n\n\n<div class=\"gb-container gb-container-f8b2081f\">\n\n<button id=\"choose-payment\" class=\"gb-button gb-button-text button-cta-content\" onclick=\"validateForm();\">Elige el m\u00e9todo de pago<\/button>\n\n<\/div>\n\n\n<p><a href=\"\/es\/checkout-syntorial-upgrade\">&lt; Volver a la selecci\u00f3n de packs<\/a><\/p>\n\n<\/div>\n<\/div>\n<\/div>\n\n<div class=\"gb-container gb-container-f5c421bd gbp-section\">\n<div class=\"gb-container gb-container-3dc0470c gbp-section__inner\">\n<div class=\"gb-container gb-container-36e4600a\">\n<div class=\"gb-container gb-container-4b28d5fa\">\n\n<figure class=\"gb-block-image gb-block-image-0fb1d161\"><img loading=\"lazy\" decoding=\"async\" width=\"300\" height=\"300\" class=\"gb-image gb-image-0fb1d161\" src=\"https:\/\/audiblegenius.com\/wp-content\/uploads\/2024\/06\/money-back-guarantee-gold-sign-300x300.png\" alt=\"\" title=\"money-back-guarantee-gold-sign\" srcset=\"https:\/\/audiblegenius.com\/wp-content\/uploads\/2024\/06\/money-back-guarantee-gold-sign-300x300.png 300w, https:\/\/audiblegenius.com\/wp-content\/uploads\/2024\/06\/money-back-guarantee-gold-sign-150x150.png 150w, https:\/\/audiblegenius.com\/wp-content\/uploads\/2024\/06\/money-back-guarantee-gold-sign.png 600w\" sizes=\"auto, (max-width: 300px) 100vw, 300px\"><\/figure>\n\n<\/div>\n\n<div class=\"gb-container gb-container-a36b5971\">\n\n<h3 class=\"gb-headline gb-headline-3c9da62f gb-headline-text gbp-section__headline\"><strong>Garant\u00eda de devoluci\u00f3n de 30 d\u00edas<\/strong><\/h3>\n\n\n\n<p class=\"gb-headline gb-headline-6eed2727 gb-headline-text\">We\u2019re so confident you\u2019ll love Syntorial that you can try it out for a full 30 days. If you purchase through our website and don\u2019t think it\u2019s worth 10x your investment, just contact us on our&nbsp;<a href=\"https:\/\/support.audiblegenius.com\/contact-us\" target=\"_blank\" rel=\"noreferrer noopener\">p\u00e1gina de soporte<\/a>&nbsp;y te devolveremos el 100% del dinero. Sin preguntas. Adem\u00e1s, puedes quedarte con todos los bonus totalmente gratis.<\/p>\n\n<\/div>\n<\/div>\n\n<div class=\"gb-container gb-container-766afab1\">\n<div class=\"gb-container gb-container-e1341a92\">\n\n<figure class=\"gb-block-image gb-block-image-6f4378b8\"><img decoding=\"async\" class=\"gb-image gb-image-6f4378b8\" src=\"https:\/\/audiblegenius.com\/wp-content\/uploads\/2024\/06\/banking-secure-payment.svg\" alt=\"\" title=\"banking-secure-payment\"><\/figure>\n\n<\/div>\n\n<div class=\"gb-container gb-container-439b4bc6\">\n\n<h3 class=\"gb-headline gb-headline-d2892737 gb-headline-text gbp-section__headline translation-block\">Pago totalmente seguro<\/h3>\n\n\n\n<p class=\"gb-headline gb-headline-6dff5e6a gb-headline-text\">Aceptamos pagos de forma segura con las principales tarjetas y PayPal a trav\u00e9s de nuestro procesador de pagos FastSpring. Tu informaci\u00f3n de pago nunca se almacena y se cifra de forma segura con tecnolog\u00eda SSL de 256 bits.<\/p>\n\n\n\n<figure class=\"gb-block-image gb-block-image-1209f178\"><img loading=\"lazy\" decoding=\"async\" width=\"381\" height=\"44\" class=\"gb-image gb-image-1209f178\" src=\"https:\/\/audiblegenius.com\/wp-content\/uploads\/2024\/06\/credit-paypal-2.png1_.webp\" alt=\"\" title=\"credit-paypal-2.png1_\" srcset=\"https:\/\/audiblegenius.com\/wp-content\/uploads\/2024\/06\/credit-paypal-2.png1_.webp 381w, https:\/\/audiblegenius.com\/wp-content\/uploads\/2024\/06\/credit-paypal-2.png1_-300x35.webp 300w\" sizes=\"auto, (max-width: 381px) 100vw, 381px\"><\/figure>\n\n<\/div>\n<\/div>\n<\/div>\n<\/div>\n\n\n<!-- figcaption banner needs styling of the parent <figure> -->\n<style>\nfigure:has(> figcaption.figcaption-banner) {\n  position: relative;\n  margin: 0 auto;\n  width: 95%;\n  overflow: hidden;\n}\nfigcaption.figcaption-banner {\n  position: absolute;\n  width: 100%;\n  top: 5%;\n  right: -30%;\n}\n<\/style>\n<!-- compatibility for older browsers not supporting the :has() pseudoclass -->\n<script>\ndocument.addEventListener('DOMContentLoaded', function() {\n  document.querySelectorAll('figcaption.figcaption-banner').forEach(function(figcaption) {\n    if (figcaption.parentElement.tagName === 'FIGURE') {\n      let figureElement = figcaption.parentElement;\n      figureElement.style.position = 'relative';\n      figureElement.style.margin = '0 auto';\n      figureElement.style.width = '95%';\n      figureElement.style.overflow = 'hidden';\n    }\n  });\n});\n<\/script>\n\n\n\n<span data-fsc-order-currency style=\"display:none\">Obteniendo moneda\u2026<\/span>","protected":false},"excerpt":{"rendered":"<p>Secure Checkout Step1: Select Your Bundle Syntorial 2 Upgrade + Building Blocks 1 &amp; 2 Improve your Syntorial experience, and learn music theory and composition with Building Blocks. Using the same ear-training, gamified method. $144.99 Calculating&#8230; Upgrade Now Syntorial 2 &#8230; <a title=\"Syntorial Upgrade Checkout 2 Step\" class=\"read-more\" href=\"https:\/\/audiblegenius.com\/es\/checkout-syntorial-upgrade\" aria-label=\"Leer m\u00e1s sobre Syntorial Upgrade Checkout 2 Step\">Leer m\u00e1s<\/a><\/p>","protected":false},"author":2,"featured_media":0,"parent":0,"menu_order":0,"comment_status":"closed","ping_status":"closed","template":"","meta":{"footnotes":""},"class_list":["post-1827","page","type-page","status-publish"],"_links":{"self":[{"href":"https:\/\/audiblegenius.com\/es\/wp-json\/wp\/v2\/pages\/1827","targetHints":{"allow":["GET"]}}],"collection":[{"href":"https:\/\/audiblegenius.com\/es\/wp-json\/wp\/v2\/pages"}],"about":[{"href":"https:\/\/audiblegenius.com\/es\/wp-json\/wp\/v2\/types\/page"}],"author":[{"embeddable":true,"href":"https:\/\/audiblegenius.com\/es\/wp-json\/wp\/v2\/users\/2"}],"replies":[{"embeddable":true,"href":"https:\/\/audiblegenius.com\/es\/wp-json\/wp\/v2\/comments?post=1827"}],"version-history":[{"count":36,"href":"https:\/\/audiblegenius.com\/es\/wp-json\/wp\/v2\/pages\/1827\/revisions"}],"predecessor-version":[{"id":16309,"href":"https:\/\/audiblegenius.com\/es\/wp-json\/wp\/v2\/pages\/1827\/revisions\/16309"}],"wp:attachment":[{"href":"https:\/\/audiblegenius.com\/es\/wp-json\/wp\/v2\/media?parent=1827"}],"curies":[{"name":"wp","href":"https:\/\/api.w.org\/{rel}","templated":true}]}}