{"id":1880,"date":"2024-07-12T15:48:42","date_gmt":"2024-07-12T15:48:42","guid":{"rendered":"https:\/\/audiblegenius.com\/?page_id=1880"},"modified":"2026-02-09T15:16:24","modified_gmt":"2026-02-09T15:16:24","slug":"apply-for-educational-discount","status":"publish","type":"page","link":"https:\/\/audiblegenius.com\/fr\/apply-for-educational-discount","title":{"rendered":"Building Blocks Educational Discount Application"},"content":{"rendered":"<p>Remise de 40 % sur tous les produits Audible Genius pour les \u00e9tudiants et enseignants \u00e9ligibles.<\/p>\n\n\n\n<ul class=\"wp-block-list\">\n<li>\u00c9tudiant inscrit \u00e0 temps plein (du secondaire au doctorat).<\/li>\n\n\n\n<li>\u00c9tudiant en programme \u00e0 temps partiel comptant 20 h ou plus de cours par semaine ou d\u2019une dur\u00e9e d\u2019au moins 12 mois.<\/li>\n\n\n\n<li>Enseignant employ\u00e9 \u00e0 temps plein ou partiel dans un \u00e9tablissement scolaire ou universitaire. Les enseignants \u00e0 temps partiel ou ind\u00e9pendants doivent travailler au moins 20 h par semaine.<\/li>\n<\/ul>\n\n\n\n<h2 class=\"wp-block-heading alignwide\"><mark style=\"background-color:rgba(0, 0, 0, 0)\" class=\"has-inline-color has-global-color-6-color\">Justificatifs<\/mark><\/h2>\n\n\n\n<p>Pour les \u00e9tudiants : fournir UN document<\/p>\n\n\n\n<ol class=\"wp-block-list\">\n<li>Carte d\u2019\u00e9tudiant mentionnant nom, \u00e9tablissement, et ann\u00e9e\/semestre en cours.n cours.<\/li>\n\n\n\n<li>Relev\u00e9 de frais de scolarit\u00e9 ou facture comportant logo\/cachet de l\u2019\u00e9tablissement, nom, et date\/ann\u00e9e scolaire.<\/li>\n\n\n\n<li>Lettre officielle du service de scolarit\u00e9 indiquant nom, \u00e9tablissement, et date\/ann\u00e9e scolaire.<\/li>\n\n\n\n<li>Une copie de l'emploi du temps comprenant votre nom, le nom de l'\u00e9cole et la date du trimestre en cours.<\/li>\n\n\n\n<li>Relev\u00e9 de notes ou relev\u00e9 de r\u00e9sultats incluant nom, \u00e9tablissement, et ann\u00e9e\/semestre en cours.<\/li>\n<\/ol>\n\n\n\n<p>Pour les enseignants : fournir UN document<\/p>\n\n\n\n<ol class=\"wp-block-list\">\n<li>Carte professionnelle d\u2019enseignant mentionnant nom, \u00e9tablissement, et ann\u00e9e\/semestre en cours.<\/li>\n\n\n\n<li>Bulletin de paie incluant logo\/cachet de l\u2019\u00e9tablissement, nom, et date\/ann\u00e9e scolaire.<\/li>\n\n\n\n<li>Lettre officielle du service de scolarit\u00e9 indiquant nom, \u00e9tablissement, et date\/ann\u00e9e scolaire.<\/li>\n\n\n\n<li>Capture d\u2019\u00e9cran d\u2019un site officiel de l\u2019\u00e9tablissement montrant clairement nom, \u00e9tablissement, et date valide (accept\u00e9e lorsqu\u2019aucun autre document n\u2019est disponible).<\/li>\n<\/ol>\n\n\n<div class=\"gb-container gb-container-bffb70a0\">\n\n<a class=\"gb-button gb-button-732fd610 gb-button-text smooth-scroll\" href=\"https:\/\/aitable.ai\/share\/shrE9YTZuQgR5aZLledTY\/fom0ZmUWKAlDELjBhF\" target=\"_blank\" rel=\"noopener noreferrer\">Remplir le formulaire de demande<\/a>\n\n<\/div>","protected":false},"excerpt":{"rendered":"<p>A 40% educational discount is available for qualifying students and teachers for all Audible Genius Products. You are eligible if you are: Upload proof of school enrollment\/employment For students ONE of the following: For teachers ONE of the following:<\/p>","protected":false},"author":3,"featured_media":0,"parent":0,"menu_order":0,"comment_status":"closed","ping_status":"closed","template":"","meta":{"footnotes":""},"class_list":["post-1880","page","type-page","status-publish"],"_links":{"self":[{"href":"https:\/\/audiblegenius.com\/fr\/wp-json\/wp\/v2\/pages\/1880","targetHints":{"allow":["GET"]}}],"collection":[{"href":"https:\/\/audiblegenius.com\/fr\/wp-json\/wp\/v2\/pages"}],"about":[{"href":"https:\/\/audiblegenius.com\/fr\/wp-json\/wp\/v2\/types\/page"}],"author":[{"embeddable":true,"href":"https:\/\/audiblegenius.com\/fr\/wp-json\/wp\/v2\/users\/3"}],"replies":[{"embeddable":true,"href":"https:\/\/audiblegenius.com\/fr\/wp-json\/wp\/v2\/comments?post=1880"}],"version-history":[{"count":16,"href":"https:\/\/audiblegenius.com\/fr\/wp-json\/wp\/v2\/pages\/1880\/revisions"}],"predecessor-version":[{"id":16339,"href":"https:\/\/audiblegenius.com\/fr\/wp-json\/wp\/v2\/pages\/1880\/revisions\/16339"}],"wp:attachment":[{"href":"https:\/\/audiblegenius.com\/fr\/wp-json\/wp\/v2\/media?parent=1880"}],"curies":[{"name":"wp","href":"https:\/\/api.w.org\/{rel}","templated":true}]}}